{"id":786,"date":"2025-11-27T14:56:08","date_gmt":"2025-11-27T13:56:08","guid":{"rendered":"https:\/\/digibird.fr\/?page_id=786"},"modified":"2025-11-27T15:10:23","modified_gmt":"2025-11-27T14:10:23","slug":"demande-de-renseignements","status":"publish","type":"page","link":"https:\/\/beta4.remiclavel.fr\/fr\/demande-de-renseignements\/","title":{"rendered":"Demande de renseignements sur l&rsquo;immobilier"},"content":{"rendered":"\t\t<div data-elementor-type=\"wp-page\" data-elementor-id=\"786\" class=\"elementor elementor-786 elementor-785\" data-elementor-post-type=\"page\">\n\t\t\t\t<div class=\"elementor-element elementor-element-8736f9d e-flex e-con-boxed e-con e-parent\" data-id=\"8736f9d\" data-element_type=\"container\" data-e-type=\"container\">\n\t\t\t\t\t<div class=\"e-con-inner\">\n\t\t\t\t<div class=\"elementor-element elementor-element-1fb523c elementor-widget__width-inherit elementor-widget elementor-widget-heading\" data-id=\"1fb523c\" data-element_type=\"widget\" data-e-type=\"widget\" data-widget_type=\"heading.default\">\n\t\t\t\t\t<h1 class=\"elementor-heading-title elementor-size-default\">Demande de renseignements sur l'immobilier<\/h1>\t\t\t\t<\/div>\n\t\t\t\t<div class=\"elementor-element elementor-element-eabbd3d elementor-widget__width-inherit elementor-widget elementor-widget-text-editor\" data-id=\"eabbd3d\" data-element_type=\"widget\" data-e-type=\"widget\" data-widget_type=\"text-editor.default\">\n\t\t\t\t\t\t\t\t\t<p>Parlez \u00e0 un expert en immobilier <span style=\"text-decoration: underline;\"><span style=\"color: #000000;\"><a style=\"color: #000000; text-decoration: underline;\" href=\"tel:+590690525107\">+590 690 52 51 07<\/a><\/span><\/span><\/p>\t\t\t\t\t\t\t\t<\/div>\n\t\t\t\t<div class=\"elementor-element elementor-element-910baa1 elementor-button-align-center elementor-widget__width-inherit elementor-widget elementor-widget-form\" data-id=\"910baa1\" data-element_type=\"widget\" data-e-type=\"widget\" data-settings=\"{&quot;step_next_label&quot;:&quot;Suivant&quot;,&quot;step_previous_label&quot;:&quot;Pr\\u00e9c\\u00e9dent&quot;,&quot;button_width&quot;:&quot;100&quot;,&quot;step_type&quot;:&quot;number_text&quot;,&quot;step_icon_shape&quot;:&quot;circle&quot;}\" data-widget_type=\"form.default\">\n\t\t\t\t\t\t\t<form class=\"elementor-form\" method=\"post\" name=\"Demande de renseignements sur l&#039;immobilier\" aria-label=\"Demande de renseignements sur l&#039;immobilier\">\n\t\t\t<input type=\"hidden\" name=\"post_id\" value=\"786\"\/>\n\t\t\t<input type=\"hidden\" name=\"form_id\" value=\"910baa1\"\/>\n\t\t\t<input type=\"hidden\" name=\"referer_title\" value=\"Demande de renseignements sur l&#039;immobilier - Saint Barth Lifestyle\" \/>\n\n\t\t\t\t\t\t\t<input type=\"hidden\" name=\"queried_id\" value=\"786\"\/>\n\t\t\t\n\t\t\t<div class=\"elementor-form-fields-wrapper elementor-labels-above\">\n\t\t\t\t\t\t\t\t<div class=\"elementor-field-type-text elementor-field-group elementor-column elementor-field-group-field_59fc77e elementor-col-50 elementor-field-required\">\n\t\t\t\t\t\t\t\t\t\t\t\t\t<input size=\"1\" type=\"text\" name=\"form_fields[field_59fc77e]\" id=\"form-field-field_59fc77e\" class=\"elementor-field elementor-size-sm  elementor-field-textual\" placeholder=\"Pr\u00e9nom*\" required=\"required\">\n\t\t\t\t\t\t\t\t\t\t\t<\/div>\n\t\t\t\t\t\t\t\t<div class=\"elementor-field-type-text elementor-field-group elementor-column elementor-field-group-field_8295895 elementor-col-50 elementor-field-required\">\n\t\t\t\t\t\t\t\t\t\t\t\t\t<input size=\"1\" type=\"text\" name=\"form_fields[field_8295895]\" id=\"form-field-field_8295895\" class=\"elementor-field elementor-size-sm  elementor-field-textual\" placeholder=\"Nom de famille*\" required=\"required\">\n\t\t\t\t\t\t\t\t\t\t\t<\/div>\n\t\t\t\t\t\t\t\t<div class=\"elementor-field-type-email elementor-field-group elementor-column elementor-field-group-field_52634d1 elementor-col-50 elementor-field-required\">\n\t\t\t\t\t\t\t\t\t\t\t\t\t<input size=\"1\" type=\"email\" name=\"form_fields[field_52634d1]\" id=\"form-field-field_52634d1\" class=\"elementor-field elementor-size-sm  elementor-field-textual\" placeholder=\"Courriel*\" required=\"required\">\n\t\t\t\t\t\t\t\t\t\t\t<\/div>\n\t\t\t\t\t\t\t\t<div class=\"elementor-field-type-tel elementor-field-group elementor-column elementor-field-group-field_b2c202c elementor-col-50 elementor-field-required\">\n\t\t\t\t\t\t\t<input size=\"1\" type=\"tel\" name=\"form_fields[field_b2c202c]\" id=\"form-field-field_b2c202c\" class=\"elementor-field elementor-size-sm  elementor-field-textual\" placeholder=\"T\u00e9l\u00e9phone*\" required=\"required\" pattern=\"[0-9()#&amp;+*-=.]+\" title=\"Seuls les caract\u00e8res de num\u00e9ros de t\u00e9l\u00e9phone (#, -, *, etc.) sont accept\u00e9s.\">\n\n\t\t\t\t\t\t<\/div>\n\t\t\t\t\t\t\t\t<div class=\"elementor-field-type-textarea elementor-field-group elementor-column elementor-field-group-field_3c1b25b elementor-col-100 elementor-field-required\">\n\t\t\t\t\t<textarea class=\"elementor-field-textual elementor-field  elementor-size-sm\" name=\"form_fields[field_3c1b25b]\" id=\"form-field-field_3c1b25b\" rows=\"4\" placeholder=\"R\u00e9digez votre message\" required=\"required\"><\/textarea>\t\t\t\t<\/div>\n\t\t\t\t\t\t\t\t<div class=\"elementor-field-type-acceptance elementor-field-group elementor-column elementor-field-group-field_74dff7f elementor-col-100\">\n\t\t\t\t\t\t\t<div class=\"elementor-field-subgroup\">\n\t\t\t<span class=\"elementor-field-option\">\n\t\t\t\t<input type=\"checkbox\" name=\"form_fields[field_74dff7f]\" id=\"form-field-field_74dff7f\" class=\"elementor-field elementor-size-sm  elementor-acceptance-field\">\n\t\t\t\t<label for=\"form-field-field_74dff7f\">Je souhaite recevoir les derni\u00e8res nouvelles de Saint Barth Lifestyle<\/label>\t\t\t<\/span>\n\t\t<\/div>\n\t\t\t\t\t\t<\/div>\n\t\t\t\t\t\t\t\t<div class=\"elementor-field-group elementor-column elementor-field-type-submit elementor-col-100 e-form__buttons\">\n\t\t\t\t\t<button class=\"elementor-button elementor-size-sm\" type=\"submit\">\n\t\t\t\t\t\t<span class=\"elementor-button-content-wrapper\">\n\t\t\t\t\t\t\t\t\t\t\t\t\t\t\t\t\t\t\t\t\t\t<span class=\"elementor-button-text\">Soumettre<\/span>\n\t\t\t\t\t\t\t\t\t\t\t\t\t<\/span>\n\t\t\t\t\t<\/button>\n\t\t\t\t<\/div>\n\t\t\t<\/div>\n\t\t<\/form>\n\t\t\t\t\t\t<\/div>\n\t\t\t\t\t<\/div>\n\t\t\t\t<\/div>\n\t\t\t\t<\/div>\n\t\t","protected":false},"excerpt":{"rendered":"<p>Demande de renseignements sur l&rsquo;immobilier Parlez \u00e0 un expert en immobilier +590 690 52 51 07<\/p>\n","protected":false},"author":1,"featured_media":0,"parent":0,"menu_order":0,"comment_status":"closed","ping_status":"closed","template":"","meta":{"iawp_total_views":0,"footnotes":""},"class_list":["post-786","page","type-page","status-publish","hentry"],"yoast_head":"<!-- This site is optimized with the Yoast SEO plugin v27.2 - https:\/\/yoast.com\/product\/yoast-seo-wordpress\/ -->\n<title>Demande de renseignements sur l&#039;immobilier - Saint Barth Lifestyle<\/title>\n<meta name=\"robots\" content=\"noindex, follow, max-snippet:-1, max-image-preview:large, max-video-preview:-1\" \/>\n<meta property=\"og:locale\" content=\"fr_FR\" \/>\n<meta property=\"og:type\" content=\"article\" \/>\n<meta property=\"og:title\" content=\"Demande de renseignements sur l&#039;immobilier - Saint Barth Lifestyle\" \/>\n<meta property=\"og:description\" content=\"Demande de renseignements sur l&rsquo;immobilier Parlez \u00e0 un expert en immobilier +590 690 52 51 07\" \/>\n<meta property=\"og:url\" content=\"https:\/\/beta4.remiclavel.fr\/fr\/demande-de-renseignements\/\" \/>\n<meta property=\"og:site_name\" content=\"Saint Barth Lifestyle\" \/>\n<meta property=\"article:modified_time\" content=\"2025-11-27T14:10:23+00:00\" \/>\n<meta name=\"twitter:card\" content=\"summary_large_image\" \/>\n<script type=\"application\/ld+json\" class=\"yoast-schema-graph\">{\"@context\":\"https:\/\/schema.org\",\"@graph\":[{\"@type\":\"WebPage\",\"@id\":\"https:\/\/beta4.remiclavel.fr\/fr\/demande-de-renseignements\/\",\"url\":\"https:\/\/beta4.remiclavel.fr\/fr\/demande-de-renseignements\/\",\"name\":\"Demande de renseignements sur l'immobilier - Saint Barth Lifestyle\",\"isPartOf\":{\"@id\":\"https:\/\/beta4.remiclavel.fr\/#website\"},\"datePublished\":\"2025-11-27T13:56:08+00:00\",\"dateModified\":\"2025-11-27T14:10:23+00:00\",\"breadcrumb\":{\"@id\":\"https:\/\/beta4.remiclavel.fr\/fr\/demande-de-renseignements\/#breadcrumb\"},\"inLanguage\":\"fr-FR\",\"potentialAction\":[{\"@type\":\"ReadAction\",\"target\":[\"https:\/\/beta4.remiclavel.fr\/fr\/demande-de-renseignements\/\"]}]},{\"@type\":\"BreadcrumbList\",\"@id\":\"https:\/\/beta4.remiclavel.fr\/fr\/demande-de-renseignements\/#breadcrumb\",\"itemListElement\":[{\"@type\":\"ListItem\",\"position\":1,\"name\":\"Accueil\",\"item\":\"https:\/\/beta4.remiclavel.fr\/\"},{\"@type\":\"ListItem\",\"position\":2,\"name\":\"Demande de renseignements sur l&rsquo;immobilier\"}]},{\"@type\":\"WebSite\",\"@id\":\"https:\/\/beta4.remiclavel.fr\/#website\",\"url\":\"https:\/\/beta4.remiclavel.fr\/\",\"name\":\"Saint Barth Lifestyle\",\"description\":\"\",\"publisher\":{\"@id\":\"https:\/\/beta4.remiclavel.fr\/#organization\"},\"potentialAction\":[{\"@type\":\"SearchAction\",\"target\":{\"@type\":\"EntryPoint\",\"urlTemplate\":\"https:\/\/beta4.remiclavel.fr\/?s={search_term_string}\"},\"query-input\":{\"@type\":\"PropertyValueSpecification\",\"valueRequired\":true,\"valueName\":\"search_term_string\"}}],\"inLanguage\":\"fr-FR\"},{\"@type\":\"Organization\",\"@id\":\"https:\/\/beta4.remiclavel.fr\/#organization\",\"name\":\"Saint Barth Lifestyle\",\"url\":\"https:\/\/beta4.remiclavel.fr\/\",\"logo\":{\"@type\":\"ImageObject\",\"inLanguage\":\"fr-FR\",\"@id\":\"https:\/\/beta4.remiclavel.fr\/#\/schema\/logo\/image\/\",\"url\":\"https:\/\/beta4.remiclavel.fr\/wp-content\/uploads\/2025\/10\/logo-saint-barth-lifestyle.png\",\"contentUrl\":\"https:\/\/beta4.remiclavel.fr\/wp-content\/uploads\/2025\/10\/logo-saint-barth-lifestyle.png\",\"width\":800,\"height\":198,\"caption\":\"Saint Barth Lifestyle\"},\"image\":{\"@id\":\"https:\/\/beta4.remiclavel.fr\/#\/schema\/logo\/image\/\"}}]}<\/script>\n<!-- \/ Yoast SEO plugin. -->","yoast_head_json":{"title":"Demande de renseignements sur l'immobilier - Saint Barth Lifestyle","robots":{"index":"noindex","follow":"follow","max-snippet":"max-snippet:-1","max-image-preview":"max-image-preview:large","max-video-preview":"max-video-preview:-1"},"og_locale":"fr_FR","og_type":"article","og_title":"Demande de renseignements sur l'immobilier - Saint Barth Lifestyle","og_description":"Demande de renseignements sur l&rsquo;immobilier Parlez \u00e0 un expert en immobilier +590 690 52 51 07","og_url":"https:\/\/beta4.remiclavel.fr\/fr\/demande-de-renseignements\/","og_site_name":"Saint Barth Lifestyle","article_modified_time":"2025-11-27T14:10:23+00:00","twitter_card":"summary_large_image","schema":{"@context":"https:\/\/schema.org","@graph":[{"@type":"WebPage","@id":"https:\/\/beta4.remiclavel.fr\/fr\/demande-de-renseignements\/","url":"https:\/\/beta4.remiclavel.fr\/fr\/demande-de-renseignements\/","name":"Demande de renseignements sur l'immobilier - Saint Barth Lifestyle","isPartOf":{"@id":"https:\/\/beta4.remiclavel.fr\/#website"},"datePublished":"2025-11-27T13:56:08+00:00","dateModified":"2025-11-27T14:10:23+00:00","breadcrumb":{"@id":"https:\/\/beta4.remiclavel.fr\/fr\/demande-de-renseignements\/#breadcrumb"},"inLanguage":"fr-FR","potentialAction":[{"@type":"ReadAction","target":["https:\/\/beta4.remiclavel.fr\/fr\/demande-de-renseignements\/"]}]},{"@type":"BreadcrumbList","@id":"https:\/\/beta4.remiclavel.fr\/fr\/demande-de-renseignements\/#breadcrumb","itemListElement":[{"@type":"ListItem","position":1,"name":"Accueil","item":"https:\/\/beta4.remiclavel.fr\/"},{"@type":"ListItem","position":2,"name":"Demande de renseignements sur l&rsquo;immobilier"}]},{"@type":"WebSite","@id":"https:\/\/beta4.remiclavel.fr\/#website","url":"https:\/\/beta4.remiclavel.fr\/","name":"Saint Barth Lifestyle","description":"","publisher":{"@id":"https:\/\/beta4.remiclavel.fr\/#organization"},"potentialAction":[{"@type":"SearchAction","target":{"@type":"EntryPoint","urlTemplate":"https:\/\/beta4.remiclavel.fr\/?s={search_term_string}"},"query-input":{"@type":"PropertyValueSpecification","valueRequired":true,"valueName":"search_term_string"}}],"inLanguage":"fr-FR"},{"@type":"Organization","@id":"https:\/\/beta4.remiclavel.fr\/#organization","name":"Saint Barth Lifestyle","url":"https:\/\/beta4.remiclavel.fr\/","logo":{"@type":"ImageObject","inLanguage":"fr-FR","@id":"https:\/\/beta4.remiclavel.fr\/#\/schema\/logo\/image\/","url":"https:\/\/beta4.remiclavel.fr\/wp-content\/uploads\/2025\/10\/logo-saint-barth-lifestyle.png","contentUrl":"https:\/\/beta4.remiclavel.fr\/wp-content\/uploads\/2025\/10\/logo-saint-barth-lifestyle.png","width":800,"height":198,"caption":"Saint Barth Lifestyle"},"image":{"@id":"https:\/\/beta4.remiclavel.fr\/#\/schema\/logo\/image\/"}}]}},"_links":{"self":[{"href":"https:\/\/beta4.remiclavel.fr\/fr\/wp-json\/wp\/v2\/pages\/786","targetHints":{"allow":["GET"]}}],"collection":[{"href":"https:\/\/beta4.remiclavel.fr\/fr\/wp-json\/wp\/v2\/pages"}],"about":[{"href":"https:\/\/beta4.remiclavel.fr\/fr\/wp-json\/wp\/v2\/types\/page"}],"author":[{"embeddable":true,"href":"https:\/\/beta4.remiclavel.fr\/fr\/wp-json\/wp\/v2\/users\/1"}],"replies":[{"embeddable":true,"href":"https:\/\/beta4.remiclavel.fr\/fr\/wp-json\/wp\/v2\/comments?post=786"}],"version-history":[{"count":3,"href":"https:\/\/beta4.remiclavel.fr\/fr\/wp-json\/wp\/v2\/pages\/786\/revisions"}],"predecessor-version":[{"id":793,"href":"https:\/\/beta4.remiclavel.fr\/fr\/wp-json\/wp\/v2\/pages\/786\/revisions\/793"}],"wp:attachment":[{"href":"https:\/\/beta4.remiclavel.fr\/fr\/wp-json\/wp\/v2\/media?parent=786"}],"curies":[{"name":"wp","href":"https:\/\/api.w.org\/{rel}","templated":true}]}}