{"id":87,"date":"2025-10-24T16:38:11","date_gmt":"2025-10-24T14:38:11","guid":{"rendered":"https:\/\/digibird.fr\/immobilier\/"},"modified":"2025-10-29T16:23:19","modified_gmt":"2025-10-29T15:23:19","slug":"immobilier","status":"publish","type":"page","link":"https:\/\/beta4.remiclavel.fr\/fr\/immobilier\/","title":{"rendered":"Immobilier"},"content":{"rendered":"\t\t<div data-elementor-type=\"wp-page\" data-elementor-id=\"87\" class=\"elementor elementor-87 elementor-24\" data-elementor-post-type=\"page\">\n\t\t\t\t<div class=\"elementor-element elementor-element-da38ab8 e-flex e-con-boxed e-con e-parent\" data-id=\"da38ab8\" data-element_type=\"container\" data-e-type=\"container\">\n\t\t\t\t\t<div class=\"e-con-inner\">\n\t\t\t\t<div class=\"elementor-element elementor-element-5538229 elementor-widget__width-inherit elementor-widget elementor-widget-heading\" data-id=\"5538229\" data-element_type=\"widget\" data-e-type=\"widget\" data-widget_type=\"heading.default\">\n\t\t\t\t\t<h1 class=\"elementor-heading-title elementor-size-default\">Votre voyage d'investissement immobilier \u00e0 St Barth<\/h1>\t\t\t\t<\/div>\n\t\t\t\t<div class=\"elementor-element elementor-element-29256d4 elementor-widget__width-inherit elementor-widget elementor-widget-text-editor\" data-id=\"29256d4\" data-element_type=\"widget\" data-e-type=\"widget\" data-widget_type=\"text-editor.default\">\n\t\t\t\t\t\t\t\t\t<p>Page en construction<\/p>\t\t\t\t\t\t\t\t<\/div>\n\t\t\t\t\t<\/div>\n\t\t\t\t<\/div>\n\t\t\t\t<\/div>\n\t\t","protected":false},"excerpt":{"rendered":"<p>Votre voyage d&rsquo;investissement immobilier \u00e0 St Barth Page en construction<\/p>\n","protected":false},"author":1,"featured_media":0,"parent":0,"menu_order":0,"comment_status":"closed","ping_status":"closed","template":"","meta":{"iawp_total_views":0,"footnotes":""},"class_list":["post-87","page","type-page","status-publish","hentry"],"yoast_head":"<!-- This site is optimized with the Yoast SEO plugin v27.2 - https:\/\/yoast.com\/product\/yoast-seo-wordpress\/ -->\n<title>St Barth Real Estate | Exclusive Luxury Investments<\/title>\n<meta name=\"description\" content=\"Explorez les opportunit\u00e9s immobili\u00e8res priv\u00e9es de St Barth. Des villas de luxe, des domaines en bord de mer et des investissements confidentiels s\u00e9lectionn\u00e9s par nos soins.\" \/>\n<meta name=\"robots\" content=\"noindex, follow, max-snippet:-1, max-image-preview:large, max-video-preview:-1\" \/>\n<meta property=\"og:locale\" content=\"fr_FR\" \/>\n<meta property=\"og:type\" content=\"article\" \/>\n<meta property=\"og:title\" content=\"St Barth Real Estate | Exclusive Luxury Investments\" \/>\n<meta property=\"og:description\" content=\"Explorez les opportunit\u00e9s immobili\u00e8res priv\u00e9es de St Barth. Des villas de luxe, des domaines en bord de mer et des investissements confidentiels s\u00e9lectionn\u00e9s par nos soins.\" \/>\n<meta property=\"og:url\" content=\"https:\/\/beta4.remiclavel.fr\/fr\/immobilier\/\" \/>\n<meta property=\"og:site_name\" content=\"Saint Barth Lifestyle\" \/>\n<meta property=\"article:modified_time\" content=\"2025-10-29T15:23:19+00:00\" \/>\n<meta name=\"twitter:card\" content=\"summary_large_image\" \/>\n<script type=\"application\/ld+json\" class=\"yoast-schema-graph\">{\"@context\":\"https:\/\/schema.org\",\"@graph\":[{\"@type\":\"WebPage\",\"@id\":\"https:\/\/beta4.remiclavel.fr\/fr\/immobilier\/\",\"url\":\"https:\/\/beta4.remiclavel.fr\/fr\/immobilier\/\",\"name\":\"St Barth Real Estate | Exclusive Luxury Investments\",\"isPartOf\":{\"@id\":\"https:\/\/beta4.remiclavel.fr\/#website\"},\"datePublished\":\"2025-10-24T14:38:11+00:00\",\"dateModified\":\"2025-10-29T15:23:19+00:00\",\"description\":\"Explorez les opportunit\u00e9s immobili\u00e8res priv\u00e9es de St Barth. Des villas de luxe, des domaines en bord de mer et des investissements confidentiels s\u00e9lectionn\u00e9s par nos soins.\",\"breadcrumb\":{\"@id\":\"https:\/\/beta4.remiclavel.fr\/fr\/immobilier\/#breadcrumb\"},\"inLanguage\":\"fr-FR\",\"potentialAction\":[{\"@type\":\"ReadAction\",\"target\":[\"https:\/\/beta4.remiclavel.fr\/fr\/immobilier\/\"]}]},{\"@type\":\"BreadcrumbList\",\"@id\":\"https:\/\/beta4.remiclavel.fr\/fr\/immobilier\/#breadcrumb\",\"itemListElement\":[{\"@type\":\"ListItem\",\"position\":1,\"name\":\"Accueil\",\"item\":\"https:\/\/beta4.remiclavel.fr\/\"},{\"@type\":\"ListItem\",\"position\":2,\"name\":\"Immobilier\"}]},{\"@type\":\"WebSite\",\"@id\":\"https:\/\/beta4.remiclavel.fr\/#website\",\"url\":\"https:\/\/beta4.remiclavel.fr\/\",\"name\":\"Saint Barth Lifestyle\",\"description\":\"\",\"publisher\":{\"@id\":\"https:\/\/beta4.remiclavel.fr\/#organization\"},\"potentialAction\":[{\"@type\":\"SearchAction\",\"target\":{\"@type\":\"EntryPoint\",\"urlTemplate\":\"https:\/\/beta4.remiclavel.fr\/?s={search_term_string}\"},\"query-input\":{\"@type\":\"PropertyValueSpecification\",\"valueRequired\":true,\"valueName\":\"search_term_string\"}}],\"inLanguage\":\"fr-FR\"},{\"@type\":\"Organization\",\"@id\":\"https:\/\/beta4.remiclavel.fr\/#organization\",\"name\":\"Saint Barth Lifestyle\",\"url\":\"https:\/\/beta4.remiclavel.fr\/\",\"logo\":{\"@type\":\"ImageObject\",\"inLanguage\":\"fr-FR\",\"@id\":\"https:\/\/beta4.remiclavel.fr\/#\/schema\/logo\/image\/\",\"url\":\"https:\/\/beta4.remiclavel.fr\/wp-content\/uploads\/2025\/10\/logo-saint-barth-lifestyle.png\",\"contentUrl\":\"https:\/\/beta4.remiclavel.fr\/wp-content\/uploads\/2025\/10\/logo-saint-barth-lifestyle.png\",\"width\":800,\"height\":198,\"caption\":\"Saint Barth Lifestyle\"},\"image\":{\"@id\":\"https:\/\/beta4.remiclavel.fr\/#\/schema\/logo\/image\/\"}}]}<\/script>\n<!-- \/ Yoast SEO plugin. -->","yoast_head_json":{"title":"St Barth Real Estate | Exclusive Luxury Investments","description":"Explorez les opportunit\u00e9s immobili\u00e8res priv\u00e9es de St Barth. Des villas de luxe, des domaines en bord de mer et des investissements confidentiels s\u00e9lectionn\u00e9s par nos soins.","robots":{"index":"noindex","follow":"follow","max-snippet":"max-snippet:-1","max-image-preview":"max-image-preview:large","max-video-preview":"max-video-preview:-1"},"og_locale":"fr_FR","og_type":"article","og_title":"St Barth Real Estate | Exclusive Luxury Investments","og_description":"Explorez les opportunit\u00e9s immobili\u00e8res priv\u00e9es de St Barth. Des villas de luxe, des domaines en bord de mer et des investissements confidentiels s\u00e9lectionn\u00e9s par nos soins.","og_url":"https:\/\/beta4.remiclavel.fr\/fr\/immobilier\/","og_site_name":"Saint Barth Lifestyle","article_modified_time":"2025-10-29T15:23:19+00:00","twitter_card":"summary_large_image","schema":{"@context":"https:\/\/schema.org","@graph":[{"@type":"WebPage","@id":"https:\/\/beta4.remiclavel.fr\/fr\/immobilier\/","url":"https:\/\/beta4.remiclavel.fr\/fr\/immobilier\/","name":"St Barth Real Estate | Exclusive Luxury Investments","isPartOf":{"@id":"https:\/\/beta4.remiclavel.fr\/#website"},"datePublished":"2025-10-24T14:38:11+00:00","dateModified":"2025-10-29T15:23:19+00:00","description":"Explorez les opportunit\u00e9s immobili\u00e8res priv\u00e9es de St Barth. Des villas de luxe, des domaines en bord de mer et des investissements confidentiels s\u00e9lectionn\u00e9s par nos soins.","breadcrumb":{"@id":"https:\/\/beta4.remiclavel.fr\/fr\/immobilier\/#breadcrumb"},"inLanguage":"fr-FR","potentialAction":[{"@type":"ReadAction","target":["https:\/\/beta4.remiclavel.fr\/fr\/immobilier\/"]}]},{"@type":"BreadcrumbList","@id":"https:\/\/beta4.remiclavel.fr\/fr\/immobilier\/#breadcrumb","itemListElement":[{"@type":"ListItem","position":1,"name":"Accueil","item":"https:\/\/beta4.remiclavel.fr\/"},{"@type":"ListItem","position":2,"name":"Immobilier"}]},{"@type":"WebSite","@id":"https:\/\/beta4.remiclavel.fr\/#website","url":"https:\/\/beta4.remiclavel.fr\/","name":"Saint Barth Lifestyle","description":"","publisher":{"@id":"https:\/\/beta4.remiclavel.fr\/#organization"},"potentialAction":[{"@type":"SearchAction","target":{"@type":"EntryPoint","urlTemplate":"https:\/\/beta4.remiclavel.fr\/?s={search_term_string}"},"query-input":{"@type":"PropertyValueSpecification","valueRequired":true,"valueName":"search_term_string"}}],"inLanguage":"fr-FR"},{"@type":"Organization","@id":"https:\/\/beta4.remiclavel.fr\/#organization","name":"Saint Barth Lifestyle","url":"https:\/\/beta4.remiclavel.fr\/","logo":{"@type":"ImageObject","inLanguage":"fr-FR","@id":"https:\/\/beta4.remiclavel.fr\/#\/schema\/logo\/image\/","url":"https:\/\/beta4.remiclavel.fr\/wp-content\/uploads\/2025\/10\/logo-saint-barth-lifestyle.png","contentUrl":"https:\/\/beta4.remiclavel.fr\/wp-content\/uploads\/2025\/10\/logo-saint-barth-lifestyle.png","width":800,"height":198,"caption":"Saint Barth Lifestyle"},"image":{"@id":"https:\/\/beta4.remiclavel.fr\/#\/schema\/logo\/image\/"}}]}},"_links":{"self":[{"href":"https:\/\/beta4.remiclavel.fr\/fr\/wp-json\/wp\/v2\/pages\/87","targetHints":{"allow":["GET"]}}],"collection":[{"href":"https:\/\/beta4.remiclavel.fr\/fr\/wp-json\/wp\/v2\/pages"}],"about":[{"href":"https:\/\/beta4.remiclavel.fr\/fr\/wp-json\/wp\/v2\/types\/page"}],"author":[{"embeddable":true,"href":"https:\/\/beta4.remiclavel.fr\/fr\/wp-json\/wp\/v2\/users\/1"}],"replies":[{"embeddable":true,"href":"https:\/\/beta4.remiclavel.fr\/fr\/wp-json\/wp\/v2\/comments?post=87"}],"version-history":[{"count":2,"href":"https:\/\/beta4.remiclavel.fr\/fr\/wp-json\/wp\/v2\/pages\/87\/revisions"}],"predecessor-version":[{"id":507,"href":"https:\/\/beta4.remiclavel.fr\/fr\/wp-json\/wp\/v2\/pages\/87\/revisions\/507"}],"wp:attachment":[{"href":"https:\/\/beta4.remiclavel.fr\/fr\/wp-json\/wp\/v2\/media?parent=87"}],"curies":[{"name":"wp","href":"https:\/\/api.w.org\/{rel}","templated":true}]}}