{"id":90,"date":"2025-10-24T16:43:36","date_gmt":"2025-10-24T14:43:36","guid":{"rendered":"https:\/\/digibird.fr\/contactez-nous\/"},"modified":"2025-11-27T15:13:48","modified_gmt":"2025-11-27T14:13:48","slug":"contactez-nous","status":"publish","type":"page","link":"https:\/\/beta4.remiclavel.fr\/fr\/contactez-nous\/","title":{"rendered":"Demande de villa"},"content":{"rendered":"\t\t<div data-elementor-type=\"wp-page\" data-elementor-id=\"90\" class=\"elementor elementor-90 elementor-37\" data-elementor-post-type=\"page\">\n\t\t\t\t<div class=\"elementor-element elementor-element-8736f9d e-flex e-con-boxed e-con e-parent\" data-id=\"8736f9d\" data-element_type=\"container\" data-e-type=\"container\">\n\t\t\t\t\t<div class=\"e-con-inner\">\n\t\t\t\t<div class=\"elementor-element elementor-element-1fb523c elementor-widget__width-inherit elementor-widget elementor-widget-heading\" data-id=\"1fb523c\" data-element_type=\"widget\" data-e-type=\"widget\" data-widget_type=\"heading.default\">\n\t\t\t\t\t<h1 class=\"elementor-heading-title elementor-size-default\">Demande de renseignements sur la villa<\/h1>\t\t\t\t<\/div>\n\t\t\t\t<div class=\"elementor-element elementor-element-eabbd3d elementor-widget__width-inherit elementor-widget elementor-widget-text-editor\" data-id=\"eabbd3d\" data-element_type=\"widget\" data-e-type=\"widget\" data-widget_type=\"text-editor.default\">\n\t\t\t\t\t\t\t\t\t<p>Parlez \u00e0 un sp\u00e9cialiste de la location de villas <span style=\"text-decoration: underline;\"><span style=\"color: #000000;\"><a style=\"color: #000000; text-decoration: underline;\" href=\"tel:+590690525107\">+590 690 52 51 07<\/a><\/span><\/span><\/p>\t\t\t\t\t\t\t\t<\/div>\n\t\t\t\t<div class=\"elementor-element elementor-element-634c69f elementor-button-align-center elementor-widget__width-inherit elementor-widget elementor-widget-form\" data-id=\"634c69f\" data-element_type=\"widget\" data-e-type=\"widget\" data-settings=\"{&quot;step_next_label&quot;:&quot;Suivant&quot;,&quot;step_previous_label&quot;:&quot;Pr\\u00e9c\\u00e9dent&quot;,&quot;button_width&quot;:&quot;100&quot;,&quot;step_type&quot;:&quot;number_text&quot;,&quot;step_icon_shape&quot;:&quot;circle&quot;}\" data-widget_type=\"form.default\">\n\t\t\t\t\t\t\t<form class=\"elementor-form\" method=\"post\" name=\"Demande de renseignements sur la villa\" aria-label=\"Demande de renseignements sur la villa\">\n\t\t\t<input type=\"hidden\" name=\"post_id\" value=\"90\"\/>\n\t\t\t<input type=\"hidden\" name=\"form_id\" value=\"634c69f\"\/>\n\t\t\t<input type=\"hidden\" name=\"referer_title\" value=\"Demande de villa - Saint Barth Lifestyle\" \/>\n\n\t\t\t\t\t\t\t<input type=\"hidden\" name=\"queried_id\" value=\"90\"\/>\n\t\t\t\n\t\t\t<div class=\"elementor-form-fields-wrapper elementor-labels-above\">\n\t\t\t\t\t\t\t\t<div class=\"elementor-field-type-text elementor-field-group elementor-column elementor-field-group-field_4996cd6 elementor-col-50 elementor-field-required\">\n\t\t\t\t\t\t\t\t\t\t\t\t\t<input size=\"1\" type=\"text\" name=\"form_fields[field_4996cd6]\" id=\"form-field-field_4996cd6\" class=\"elementor-field elementor-size-sm  elementor-field-textual\" placeholder=\"Pr\u00e9nom*\" required=\"required\">\n\t\t\t\t\t\t\t\t\t\t\t<\/div>\n\t\t\t\t\t\t\t\t<div class=\"elementor-field-type-text elementor-field-group elementor-column elementor-field-group-field_c025655 elementor-col-50 elementor-field-required\">\n\t\t\t\t\t\t\t\t\t\t\t\t\t<input size=\"1\" type=\"text\" name=\"form_fields[field_c025655]\" id=\"form-field-field_c025655\" class=\"elementor-field elementor-size-sm  elementor-field-textual\" placeholder=\"Nom de famille*\" required=\"required\">\n\t\t\t\t\t\t\t\t\t\t\t<\/div>\n\t\t\t\t\t\t\t\t<div class=\"elementor-field-type-email elementor-field-group elementor-column elementor-field-group-field_2eea538 elementor-col-50 elementor-field-required\">\n\t\t\t\t\t\t\t\t\t\t\t\t\t<input size=\"1\" type=\"email\" name=\"form_fields[field_2eea538]\" id=\"form-field-field_2eea538\" class=\"elementor-field elementor-size-sm  elementor-field-textual\" placeholder=\"Courriel*\" required=\"required\">\n\t\t\t\t\t\t\t\t\t\t\t<\/div>\n\t\t\t\t\t\t\t\t<div class=\"elementor-field-type-tel elementor-field-group elementor-column elementor-field-group-field_cd207bc elementor-col-50 elementor-field-required\">\n\t\t\t\t\t\t\t<input size=\"1\" type=\"tel\" name=\"form_fields[field_cd207bc]\" id=\"form-field-field_cd207bc\" class=\"elementor-field elementor-size-sm  elementor-field-textual\" placeholder=\"T\u00e9l\u00e9phone*\" required=\"required\" pattern=\"[0-9()#&amp;+*-=.]+\" title=\"Seuls les caract\u00e8res de num\u00e9ros de t\u00e9l\u00e9phone (#, -, *, etc.) sont accept\u00e9s.\">\n\n\t\t\t\t\t\t<\/div>\n\t\t\t\t\t\t\t\t<div class=\"elementor-field-type-number elementor-field-group elementor-column elementor-field-group-field_204290b elementor-col-50 elementor-field-required\">\n\t\t\t\t\t\t\t\t<input type=\"number\" name=\"form_fields[field_204290b]\" id=\"form-field-field_204290b\" class=\"elementor-field elementor-size-sm  elementor-field-textual\" placeholder=\"Adultes*\" required=\"required\" min=\"0\" max=\"25\" >\n\t\t\t\t\t\t<\/div>\n\t\t\t\t\t\t\t\t<div class=\"elementor-field-type-number elementor-field-group elementor-column elementor-field-group-field_0d8d56e elementor-col-50 elementor-field-required\">\n\t\t\t\t\t\t\t\t<input type=\"number\" name=\"form_fields[field_0d8d56e]\" id=\"form-field-field_0d8d56e\" class=\"elementor-field elementor-size-sm  elementor-field-textual\" placeholder=\"Les enfants*\" required=\"required\" min=\"0\" max=\"25\" >\n\t\t\t\t\t\t<\/div>\n\t\t\t\t\t\t\t\t<div class=\"elementor-field-type-number elementor-field-group elementor-column elementor-field-group-field_7135acf elementor-col-50 elementor-field-required\">\n\t\t\t\t\t\t\t\t<input type=\"number\" name=\"form_fields[field_7135acf]\" id=\"form-field-field_7135acf\" class=\"elementor-field elementor-size-sm  elementor-field-textual\" placeholder=\"Nombre de chambres*\" required=\"required\" min=\"0\" max=\"10\" >\n\t\t\t\t\t\t<\/div>\n\t\t\t\t\t\t\t\t<div class=\"elementor-field-type-text elementor-field-group elementor-column elementor-field-group-field_0bd6c4d elementor-col-50 elementor-field-required\">\n\t\t\t\t\t\t\t\t\t\t\t\t\t<input size=\"1\" type=\"text\" name=\"form_fields[field_0bd6c4d]\" id=\"form-field-field_0bd6c4d\" class=\"elementor-field elementor-size-sm  elementor-field-textual\" placeholder=\"\u00c2ge des enfants*\" required=\"required\">\n\t\t\t\t\t\t\t\t\t\t\t<\/div>\n\t\t\t\t\t\t\t\t<div class=\"elementor-field-type-date elementor-field-group elementor-column elementor-field-group-field_0550014 elementor-col-50 elementor-field-required\">\n\t\t\t\t\t\t\t\t\t\t\t\t<label for=\"form-field-field_0550014\" class=\"elementor-field-label\">\n\t\t\t\t\t\t\t\tArriv\u00e9e*\t\t\t\t\t\t\t<\/label>\n\t\t\t\t\t\t\n\t\t<input type=\"date\" name=\"form_fields[field_0550014]\" id=\"form-field-field_0550014\" class=\"elementor-field elementor-size-sm  elementor-field-textual elementor-date-field elementor-use-native\" required=\"required\" pattern=\"[0-9]{4}-[0-9]{2}-[0-9]{2}\">\n\t\t\t\t\t\t<\/div>\n\t\t\t\t\t\t\t\t<div class=\"elementor-field-type-date elementor-field-group elementor-column elementor-field-group-field_69eec0e elementor-col-50 elementor-field-required\">\n\t\t\t\t\t\t\t\t\t\t\t\t<label for=\"form-field-field_69eec0e\" class=\"elementor-field-label\">\n\t\t\t\t\t\t\t\tD\u00e9part*\t\t\t\t\t\t\t<\/label>\n\t\t\t\t\t\t\n\t\t<input type=\"date\" name=\"form_fields[field_69eec0e]\" id=\"form-field-field_69eec0e\" class=\"elementor-field elementor-size-sm  elementor-field-textual elementor-date-field elementor-use-native\" required=\"required\" pattern=\"[0-9]{4}-[0-9]{2}-[0-9]{2}\">\n\t\t\t\t\t\t<\/div>\n\t\t\t\t\t\t\t\t<div class=\"elementor-field-type-textarea elementor-field-group elementor-column elementor-field-group-field_ab5fdae elementor-col-100 elementor-field-required\">\n\t\t\t\t\t<textarea class=\"elementor-field-textual elementor-field  elementor-size-sm\" name=\"form_fields[field_ab5fdae]\" id=\"form-field-field_ab5fdae\" rows=\"4\" placeholder=\"Informations compl\u00e9mentaires\" required=\"required\"><\/textarea>\t\t\t\t<\/div>\n\t\t\t\t\t\t\t\t<div class=\"elementor-field-type-acceptance elementor-field-group elementor-column elementor-field-group-field_eaed83a elementor-col-100\">\n\t\t\t\t\t\t\t<div class=\"elementor-field-subgroup\">\n\t\t\t<span class=\"elementor-field-option\">\n\t\t\t\t<input type=\"checkbox\" name=\"form_fields[field_eaed83a]\" id=\"form-field-field_eaed83a\" class=\"elementor-field elementor-size-sm  elementor-acceptance-field\">\n\t\t\t\t<label for=\"form-field-field_eaed83a\">Je souhaite recevoir les derni\u00e8res nouvelles de Saint Barth Lifestyle<\/label>\t\t\t<\/span>\n\t\t<\/div>\n\t\t\t\t\t\t<\/div>\n\t\t\t\t\t\t\t\t<div class=\"elementor-field-group elementor-column elementor-field-type-submit elementor-col-100 e-form__buttons\">\n\t\t\t\t\t<button class=\"elementor-button elementor-size-sm\" type=\"submit\">\n\t\t\t\t\t\t<span class=\"elementor-button-content-wrapper\">\n\t\t\t\t\t\t\t\t\t\t\t\t\t\t\t\t\t\t\t\t\t\t<span class=\"elementor-button-text\">Soumettre<\/span>\n\t\t\t\t\t\t\t\t\t\t\t\t\t<\/span>\n\t\t\t\t\t<\/button>\n\t\t\t\t<\/div>\n\t\t\t<\/div>\n\t\t<\/form>\n\t\t\t\t\t\t<\/div>\n\t\t\t\t\t<\/div>\n\t\t\t\t<\/div>\n\t\t\t\t<\/div>\n\t\t","protected":false},"excerpt":{"rendered":"<p>Demande de renseignements sur la villa Parlez \u00e0 un sp\u00e9cialiste de la location de villas +590 690 52 51 07<\/p>\n","protected":false},"author":1,"featured_media":0,"parent":0,"menu_order":0,"comment_status":"closed","ping_status":"closed","template":"","meta":{"iawp_total_views":0,"footnotes":""},"class_list":["post-90","page","type-page","status-publish","hentry"],"yoast_head":"<!-- This site is optimized with the Yoast SEO plugin v27.2 - https:\/\/yoast.com\/product\/yoast-seo-wordpress\/ -->\n<title>Demande de villa - Saint Barth Lifestyle<\/title>\n<meta name=\"robots\" content=\"noindex, follow, max-snippet:-1, max-image-preview:large, max-video-preview:-1\" \/>\n<meta property=\"og:locale\" content=\"fr_FR\" \/>\n<meta property=\"og:type\" content=\"article\" \/>\n<meta property=\"og:title\" content=\"Demande de villa - Saint Barth Lifestyle\" \/>\n<meta property=\"og:description\" content=\"Demande de renseignements sur la villa Parlez \u00e0 un sp\u00e9cialiste de la location de villas +590 690 52 51 07\" \/>\n<meta property=\"og:url\" content=\"https:\/\/beta4.remiclavel.fr\/fr\/contactez-nous\/\" \/>\n<meta property=\"og:site_name\" content=\"Saint Barth Lifestyle\" \/>\n<meta property=\"article:modified_time\" content=\"2025-11-27T14:13:48+00:00\" \/>\n<meta name=\"twitter:card\" content=\"summary_large_image\" \/>\n<script type=\"application\/ld+json\" class=\"yoast-schema-graph\">{\"@context\":\"https:\/\/schema.org\",\"@graph\":[{\"@type\":\"WebPage\",\"@id\":\"https:\/\/beta4.remiclavel.fr\/fr\/contactez-nous\/\",\"url\":\"https:\/\/beta4.remiclavel.fr\/fr\/contactez-nous\/\",\"name\":\"Demande de villa - Saint Barth Lifestyle\",\"isPartOf\":{\"@id\":\"https:\/\/beta4.remiclavel.fr\/#website\"},\"datePublished\":\"2025-10-24T14:43:36+00:00\",\"dateModified\":\"2025-11-27T14:13:48+00:00\",\"breadcrumb\":{\"@id\":\"https:\/\/beta4.remiclavel.fr\/fr\/contactez-nous\/#breadcrumb\"},\"inLanguage\":\"fr-FR\",\"potentialAction\":[{\"@type\":\"ReadAction\",\"target\":[\"https:\/\/beta4.remiclavel.fr\/fr\/contactez-nous\/\"]}]},{\"@type\":\"BreadcrumbList\",\"@id\":\"https:\/\/beta4.remiclavel.fr\/fr\/contactez-nous\/#breadcrumb\",\"itemListElement\":[{\"@type\":\"ListItem\",\"position\":1,\"name\":\"Accueil\",\"item\":\"https:\/\/beta4.remiclavel.fr\/\"},{\"@type\":\"ListItem\",\"position\":2,\"name\":\"Demande de villa\"}]},{\"@type\":\"WebSite\",\"@id\":\"https:\/\/beta4.remiclavel.fr\/#website\",\"url\":\"https:\/\/beta4.remiclavel.fr\/\",\"name\":\"Saint Barth Lifestyle\",\"description\":\"\",\"publisher\":{\"@id\":\"https:\/\/beta4.remiclavel.fr\/#organization\"},\"potentialAction\":[{\"@type\":\"SearchAction\",\"target\":{\"@type\":\"EntryPoint\",\"urlTemplate\":\"https:\/\/beta4.remiclavel.fr\/?s={search_term_string}\"},\"query-input\":{\"@type\":\"PropertyValueSpecification\",\"valueRequired\":true,\"valueName\":\"search_term_string\"}}],\"inLanguage\":\"fr-FR\"},{\"@type\":\"Organization\",\"@id\":\"https:\/\/beta4.remiclavel.fr\/#organization\",\"name\":\"Saint Barth Lifestyle\",\"url\":\"https:\/\/beta4.remiclavel.fr\/\",\"logo\":{\"@type\":\"ImageObject\",\"inLanguage\":\"fr-FR\",\"@id\":\"https:\/\/beta4.remiclavel.fr\/#\/schema\/logo\/image\/\",\"url\":\"https:\/\/beta4.remiclavel.fr\/wp-content\/uploads\/2025\/10\/logo-saint-barth-lifestyle.png\",\"contentUrl\":\"https:\/\/beta4.remiclavel.fr\/wp-content\/uploads\/2025\/10\/logo-saint-barth-lifestyle.png\",\"width\":800,\"height\":198,\"caption\":\"Saint Barth Lifestyle\"},\"image\":{\"@id\":\"https:\/\/beta4.remiclavel.fr\/#\/schema\/logo\/image\/\"}}]}<\/script>\n<!-- \/ Yoast SEO plugin. -->","yoast_head_json":{"title":"Demande de villa - Saint Barth Lifestyle","robots":{"index":"noindex","follow":"follow","max-snippet":"max-snippet:-1","max-image-preview":"max-image-preview:large","max-video-preview":"max-video-preview:-1"},"og_locale":"fr_FR","og_type":"article","og_title":"Demande de villa - Saint Barth Lifestyle","og_description":"Demande de renseignements sur la villa Parlez \u00e0 un sp\u00e9cialiste de la location de villas +590 690 52 51 07","og_url":"https:\/\/beta4.remiclavel.fr\/fr\/contactez-nous\/","og_site_name":"Saint Barth Lifestyle","article_modified_time":"2025-11-27T14:13:48+00:00","twitter_card":"summary_large_image","schema":{"@context":"https:\/\/schema.org","@graph":[{"@type":"WebPage","@id":"https:\/\/beta4.remiclavel.fr\/fr\/contactez-nous\/","url":"https:\/\/beta4.remiclavel.fr\/fr\/contactez-nous\/","name":"Demande de villa - Saint Barth Lifestyle","isPartOf":{"@id":"https:\/\/beta4.remiclavel.fr\/#website"},"datePublished":"2025-10-24T14:43:36+00:00","dateModified":"2025-11-27T14:13:48+00:00","breadcrumb":{"@id":"https:\/\/beta4.remiclavel.fr\/fr\/contactez-nous\/#breadcrumb"},"inLanguage":"fr-FR","potentialAction":[{"@type":"ReadAction","target":["https:\/\/beta4.remiclavel.fr\/fr\/contactez-nous\/"]}]},{"@type":"BreadcrumbList","@id":"https:\/\/beta4.remiclavel.fr\/fr\/contactez-nous\/#breadcrumb","itemListElement":[{"@type":"ListItem","position":1,"name":"Accueil","item":"https:\/\/beta4.remiclavel.fr\/"},{"@type":"ListItem","position":2,"name":"Demande de villa"}]},{"@type":"WebSite","@id":"https:\/\/beta4.remiclavel.fr\/#website","url":"https:\/\/beta4.remiclavel.fr\/","name":"Saint Barth Lifestyle","description":"","publisher":{"@id":"https:\/\/beta4.remiclavel.fr\/#organization"},"potentialAction":[{"@type":"SearchAction","target":{"@type":"EntryPoint","urlTemplate":"https:\/\/beta4.remiclavel.fr\/?s={search_term_string}"},"query-input":{"@type":"PropertyValueSpecification","valueRequired":true,"valueName":"search_term_string"}}],"inLanguage":"fr-FR"},{"@type":"Organization","@id":"https:\/\/beta4.remiclavel.fr\/#organization","name":"Saint Barth Lifestyle","url":"https:\/\/beta4.remiclavel.fr\/","logo":{"@type":"ImageObject","inLanguage":"fr-FR","@id":"https:\/\/beta4.remiclavel.fr\/#\/schema\/logo\/image\/","url":"https:\/\/beta4.remiclavel.fr\/wp-content\/uploads\/2025\/10\/logo-saint-barth-lifestyle.png","contentUrl":"https:\/\/beta4.remiclavel.fr\/wp-content\/uploads\/2025\/10\/logo-saint-barth-lifestyle.png","width":800,"height":198,"caption":"Saint Barth Lifestyle"},"image":{"@id":"https:\/\/beta4.remiclavel.fr\/#\/schema\/logo\/image\/"}}]}},"_links":{"self":[{"href":"https:\/\/beta4.remiclavel.fr\/fr\/wp-json\/wp\/v2\/pages\/90","targetHints":{"allow":["GET"]}}],"collection":[{"href":"https:\/\/beta4.remiclavel.fr\/fr\/wp-json\/wp\/v2\/pages"}],"about":[{"href":"https:\/\/beta4.remiclavel.fr\/fr\/wp-json\/wp\/v2\/types\/page"}],"author":[{"embeddable":true,"href":"https:\/\/beta4.remiclavel.fr\/fr\/wp-json\/wp\/v2\/users\/1"}],"replies":[{"embeddable":true,"href":"https:\/\/beta4.remiclavel.fr\/fr\/wp-json\/wp\/v2\/comments?post=90"}],"version-history":[{"count":9,"href":"https:\/\/beta4.remiclavel.fr\/fr\/wp-json\/wp\/v2\/pages\/90\/revisions"}],"predecessor-version":[{"id":819,"href":"https:\/\/beta4.remiclavel.fr\/fr\/wp-json\/wp\/v2\/pages\/90\/revisions\/819"}],"wp:attachment":[{"href":"https:\/\/beta4.remiclavel.fr\/fr\/wp-json\/wp\/v2\/media?parent=90"}],"curies":[{"name":"wp","href":"https:\/\/api.w.org\/{rel}","templated":true}]}}