{"id":94,"date":"2025-10-24T16:21:55","date_gmt":"2025-10-24T14:21:55","guid":{"rendered":"https:\/\/digibird.fr\/locations-de-villas\/"},"modified":"2025-10-29T16:25:43","modified_gmt":"2025-10-29T15:25:43","slug":"locations-de-villas","status":"publish","type":"page","link":"https:\/\/beta4.remiclavel.fr\/fr\/locations-de-villas\/","title":{"rendered":"Locations de villas"},"content":{"rendered":"\t\t<div data-elementor-type=\"wp-page\" data-elementor-id=\"94\" class=\"elementor elementor-94 elementor-22\" data-elementor-post-type=\"page\">\n\t\t\t\t<div class=\"elementor-element elementor-element-57de51e e-flex e-con-boxed e-con e-parent\" data-id=\"57de51e\" data-element_type=\"container\" data-e-type=\"container\">\n\t\t\t\t\t<div class=\"e-con-inner\">\n\t\t\t\t<div class=\"elementor-element elementor-element-82e071e elementor-widget__width-inherit elementor-widget elementor-widget-heading\" data-id=\"82e071e\" data-element_type=\"widget\" data-e-type=\"widget\" data-widget_type=\"heading.default\">\n\t\t\t\t\t<h1 class=\"elementor-heading-title elementor-size-default\">D\u00e9couvrez les villas de luxe les plus raffin\u00e9es de Saint-Barth<\/h1>\t\t\t\t<\/div>\n\t\t\t\t<div class=\"elementor-element elementor-element-66650f6 elementor-widget__width-inherit elementor-widget elementor-widget-text-editor\" data-id=\"66650f6\" data-element_type=\"widget\" data-e-type=\"widget\" data-widget_type=\"text-editor.default\">\n\t\t\t\t\t\t\t\t\t<p>Page en construction<\/p>\t\t\t\t\t\t\t\t<\/div>\n\t\t\t\t\t<\/div>\n\t\t\t\t<\/div>\n\t\t\t\t<\/div>\n\t\t","protected":false},"excerpt":{"rendered":"<p>D\u00e9couvrez les villas de luxe les plus raffin\u00e9es de Saint-Barth Page en construction<\/p>\n","protected":false},"author":1,"featured_media":0,"parent":0,"menu_order":0,"comment_status":"closed","ping_status":"closed","template":"","meta":{"iawp_total_views":0,"footnotes":""},"class_list":["post-94","page","type-page","status-publish","hentry"],"yoast_head":"<!-- This site is optimized with the Yoast SEO plugin v27.2 - https:\/\/yoast.com\/product\/yoast-seo-wordpress\/ -->\n<title>Saint Barth Luxury Villas for Rent | Saint Barth Lifestyle<\/title>\n<meta name=\"description\" content=\"D\u00e9couvrez les plus belles villas de luxe de Saint Barth. Des escapades priv\u00e9es, des propri\u00e9t\u00e9s familiales et des locations en bord de mer s\u00e9lectionn\u00e9es par Saint Barth Lifestyle.\" \/>\n<meta name=\"robots\" content=\"noindex, follow, max-snippet:-1, max-image-preview:large, max-video-preview:-1\" \/>\n<meta property=\"og:locale\" content=\"fr_FR\" \/>\n<meta property=\"og:type\" content=\"article\" \/>\n<meta property=\"og:title\" content=\"Saint Barth Luxury Villas for Rent | Saint Barth Lifestyle\" \/>\n<meta property=\"og:description\" content=\"D\u00e9couvrez les plus belles villas de luxe de Saint Barth. Des escapades priv\u00e9es, des propri\u00e9t\u00e9s familiales et des locations en bord de mer s\u00e9lectionn\u00e9es par Saint Barth Lifestyle.\" \/>\n<meta property=\"og:url\" content=\"https:\/\/beta4.remiclavel.fr\/fr\/locations-de-villas\/\" \/>\n<meta property=\"og:site_name\" content=\"Saint Barth Lifestyle\" \/>\n<meta property=\"article:modified_time\" content=\"2025-10-29T15:25:43+00:00\" \/>\n<meta name=\"twitter:card\" content=\"summary_large_image\" \/>\n<script type=\"application\/ld+json\" class=\"yoast-schema-graph\">{\"@context\":\"https:\/\/schema.org\",\"@graph\":[{\"@type\":\"WebPage\",\"@id\":\"https:\/\/beta4.remiclavel.fr\/fr\/locations-de-villas\/\",\"url\":\"https:\/\/beta4.remiclavel.fr\/fr\/locations-de-villas\/\",\"name\":\"Saint Barth Luxury Villas for Rent | Saint Barth Lifestyle\",\"isPartOf\":{\"@id\":\"https:\/\/beta4.remiclavel.fr\/#website\"},\"datePublished\":\"2025-10-24T14:21:55+00:00\",\"dateModified\":\"2025-10-29T15:25:43+00:00\",\"description\":\"D\u00e9couvrez les plus belles villas de luxe de Saint Barth. Des escapades priv\u00e9es, des propri\u00e9t\u00e9s familiales et des locations en bord de mer s\u00e9lectionn\u00e9es par Saint Barth Lifestyle.\",\"breadcrumb\":{\"@id\":\"https:\/\/beta4.remiclavel.fr\/fr\/locations-de-villas\/#breadcrumb\"},\"inLanguage\":\"fr-FR\",\"potentialAction\":[{\"@type\":\"ReadAction\",\"target\":[\"https:\/\/beta4.remiclavel.fr\/fr\/locations-de-villas\/\"]}]},{\"@type\":\"BreadcrumbList\",\"@id\":\"https:\/\/beta4.remiclavel.fr\/fr\/locations-de-villas\/#breadcrumb\",\"itemListElement\":[{\"@type\":\"ListItem\",\"position\":1,\"name\":\"Accueil\",\"item\":\"https:\/\/beta4.remiclavel.fr\/\"},{\"@type\":\"ListItem\",\"position\":2,\"name\":\"Locations de villas\"}]},{\"@type\":\"WebSite\",\"@id\":\"https:\/\/beta4.remiclavel.fr\/#website\",\"url\":\"https:\/\/beta4.remiclavel.fr\/\",\"name\":\"Saint Barth Lifestyle\",\"description\":\"\",\"publisher\":{\"@id\":\"https:\/\/beta4.remiclavel.fr\/#organization\"},\"potentialAction\":[{\"@type\":\"SearchAction\",\"target\":{\"@type\":\"EntryPoint\",\"urlTemplate\":\"https:\/\/beta4.remiclavel.fr\/?s={search_term_string}\"},\"query-input\":{\"@type\":\"PropertyValueSpecification\",\"valueRequired\":true,\"valueName\":\"search_term_string\"}}],\"inLanguage\":\"fr-FR\"},{\"@type\":\"Organization\",\"@id\":\"https:\/\/beta4.remiclavel.fr\/#organization\",\"name\":\"Saint Barth Lifestyle\",\"url\":\"https:\/\/beta4.remiclavel.fr\/\",\"logo\":{\"@type\":\"ImageObject\",\"inLanguage\":\"fr-FR\",\"@id\":\"https:\/\/beta4.remiclavel.fr\/#\/schema\/logo\/image\/\",\"url\":\"https:\/\/beta4.remiclavel.fr\/wp-content\/uploads\/2025\/10\/logo-saint-barth-lifestyle.png\",\"contentUrl\":\"https:\/\/beta4.remiclavel.fr\/wp-content\/uploads\/2025\/10\/logo-saint-barth-lifestyle.png\",\"width\":800,\"height\":198,\"caption\":\"Saint Barth Lifestyle\"},\"image\":{\"@id\":\"https:\/\/beta4.remiclavel.fr\/#\/schema\/logo\/image\/\"}}]}<\/script>\n<!-- \/ Yoast SEO plugin. -->","yoast_head_json":{"title":"Saint Barth Luxury Villas for Rent | Saint Barth Lifestyle","description":"D\u00e9couvrez les plus belles villas de luxe de Saint Barth. Des escapades priv\u00e9es, des propri\u00e9t\u00e9s familiales et des locations en bord de mer s\u00e9lectionn\u00e9es par Saint Barth Lifestyle.","robots":{"index":"noindex","follow":"follow","max-snippet":"max-snippet:-1","max-image-preview":"max-image-preview:large","max-video-preview":"max-video-preview:-1"},"og_locale":"fr_FR","og_type":"article","og_title":"Saint Barth Luxury Villas for Rent | Saint Barth Lifestyle","og_description":"D\u00e9couvrez les plus belles villas de luxe de Saint Barth. Des escapades priv\u00e9es, des propri\u00e9t\u00e9s familiales et des locations en bord de mer s\u00e9lectionn\u00e9es par Saint Barth Lifestyle.","og_url":"https:\/\/beta4.remiclavel.fr\/fr\/locations-de-villas\/","og_site_name":"Saint Barth Lifestyle","article_modified_time":"2025-10-29T15:25:43+00:00","twitter_card":"summary_large_image","schema":{"@context":"https:\/\/schema.org","@graph":[{"@type":"WebPage","@id":"https:\/\/beta4.remiclavel.fr\/fr\/locations-de-villas\/","url":"https:\/\/beta4.remiclavel.fr\/fr\/locations-de-villas\/","name":"Saint Barth Luxury Villas for Rent | Saint Barth Lifestyle","isPartOf":{"@id":"https:\/\/beta4.remiclavel.fr\/#website"},"datePublished":"2025-10-24T14:21:55+00:00","dateModified":"2025-10-29T15:25:43+00:00","description":"D\u00e9couvrez les plus belles villas de luxe de Saint Barth. Des escapades priv\u00e9es, des propri\u00e9t\u00e9s familiales et des locations en bord de mer s\u00e9lectionn\u00e9es par Saint Barth Lifestyle.","breadcrumb":{"@id":"https:\/\/beta4.remiclavel.fr\/fr\/locations-de-villas\/#breadcrumb"},"inLanguage":"fr-FR","potentialAction":[{"@type":"ReadAction","target":["https:\/\/beta4.remiclavel.fr\/fr\/locations-de-villas\/"]}]},{"@type":"BreadcrumbList","@id":"https:\/\/beta4.remiclavel.fr\/fr\/locations-de-villas\/#breadcrumb","itemListElement":[{"@type":"ListItem","position":1,"name":"Accueil","item":"https:\/\/beta4.remiclavel.fr\/"},{"@type":"ListItem","position":2,"name":"Locations de villas"}]},{"@type":"WebSite","@id":"https:\/\/beta4.remiclavel.fr\/#website","url":"https:\/\/beta4.remiclavel.fr\/","name":"Saint Barth Lifestyle","description":"","publisher":{"@id":"https:\/\/beta4.remiclavel.fr\/#organization"},"potentialAction":[{"@type":"SearchAction","target":{"@type":"EntryPoint","urlTemplate":"https:\/\/beta4.remiclavel.fr\/?s={search_term_string}"},"query-input":{"@type":"PropertyValueSpecification","valueRequired":true,"valueName":"search_term_string"}}],"inLanguage":"fr-FR"},{"@type":"Organization","@id":"https:\/\/beta4.remiclavel.fr\/#organization","name":"Saint Barth Lifestyle","url":"https:\/\/beta4.remiclavel.fr\/","logo":{"@type":"ImageObject","inLanguage":"fr-FR","@id":"https:\/\/beta4.remiclavel.fr\/#\/schema\/logo\/image\/","url":"https:\/\/beta4.remiclavel.fr\/wp-content\/uploads\/2025\/10\/logo-saint-barth-lifestyle.png","contentUrl":"https:\/\/beta4.remiclavel.fr\/wp-content\/uploads\/2025\/10\/logo-saint-barth-lifestyle.png","width":800,"height":198,"caption":"Saint Barth Lifestyle"},"image":{"@id":"https:\/\/beta4.remiclavel.fr\/#\/schema\/logo\/image\/"}}]}},"_links":{"self":[{"href":"https:\/\/beta4.remiclavel.fr\/fr\/wp-json\/wp\/v2\/pages\/94","targetHints":{"allow":["GET"]}}],"collection":[{"href":"https:\/\/beta4.remiclavel.fr\/fr\/wp-json\/wp\/v2\/pages"}],"about":[{"href":"https:\/\/beta4.remiclavel.fr\/fr\/wp-json\/wp\/v2\/types\/page"}],"author":[{"embeddable":true,"href":"https:\/\/beta4.remiclavel.fr\/fr\/wp-json\/wp\/v2\/users\/1"}],"replies":[{"embeddable":true,"href":"https:\/\/beta4.remiclavel.fr\/fr\/wp-json\/wp\/v2\/comments?post=94"}],"version-history":[{"count":3,"href":"https:\/\/beta4.remiclavel.fr\/fr\/wp-json\/wp\/v2\/pages\/94\/revisions"}],"predecessor-version":[{"id":515,"href":"https:\/\/beta4.remiclavel.fr\/fr\/wp-json\/wp\/v2\/pages\/94\/revisions\/515"}],"wp:attachment":[{"href":"https:\/\/beta4.remiclavel.fr\/fr\/wp-json\/wp\/v2\/media?parent=94"}],"curies":[{"name":"wp","href":"https:\/\/api.w.org\/{rel}","templated":true}]}}